{"id":12667,"date":"2025-09-05T10:49:14","date_gmt":"2025-09-05T15:49:14","guid":{"rendered":"https:\/\/colmunbto.edu.co\/web\/?page_id=12667"},"modified":"2025-09-06T10:37:47","modified_gmt":"2025-09-06T15:37:47","slug":"inscripciones-estudiantes-nuevos-2026","status":"publish","type":"page","link":"https:\/\/colmunbto.edu.co\/web\/inscripciones-estudiantes-nuevos-2026\/","title":{"rendered":"Inscripciones Estudiantes Nuevos 2026"},"content":{"rendered":"<h1 style=\"text-align: center;\"><span style=\"color: #339966;\">S\u00e9 parte de la familia del Colegio Municipal Mar\u00eda Concepci\u00f3n Loperena.<\/span><\/h1>\n<p><img loading=\"lazy\" decoding=\"async\" class=\"size-full wp-image-11599 aligncenter\" src=\"https:\/\/colmunbto.edu.co\/web\/wp-content\/uploads\/2019\/05\/escudo_web.png\" alt=\"\" width=\"120\" height=\"120\" \/><\/p>\n<p>\u00a1Te damos una cordial bienvenida! Somos una instituci\u00f3n con una rica historia en la formaci\u00f3n de j\u00f3venes l\u00edderes, comprometida con la excelencia acad\u00e9mica y los valores c\u00edvicos. Aqu\u00ed, tu futuro es nuestra prioridad. Inicia el camino hacia una educaci\u00f3n que transformar\u00e1 tu vida.<\/p>\n<p><b>\u00a1El proceso de admisiones para la vigencia 2026 ya est\u00e1 abierto! No dejes pasar esta oportunidad y asegura tu cupo antes del 15 de Octubre de 2025.<\/b><\/p>\n<h2><span style=\"color: #339966;\"><strong>Completa tu Inscripci\u00f3n en Solo 3 Pasos<\/strong><\/span><\/h2>\n<h3><span style=\"color: #339966;\"><b>Paso 1: Alista tus Documentos<\/b><\/span><\/h3>\n<p>Antes de comenzar, aseg\u00farate de tener todos los documentos requeridos escaneados y guardados en <b>formato PDF<\/b>. Tener todo a la mano har\u00e1 que el proceso sea mucho m\u00e1s r\u00e1pido.<\/p>\n<h4><strong>Listado de Documentos:<\/strong><\/h4>\n<ul>\n<li><strong>Documento de Identidad del Acudiente<\/strong><\/li>\n<li><b>Documentos de identificaci\u00f3n del aspirante<\/b> <i>(Registro Civil, Tarjeta de Identidad, C\u00e9dula de Ciudadan\u00eda o de Extranjer\u00eda, NUIP, NES, PEP, etc&#8230;)<\/i><\/li>\n<li><b>Certificados y\/o boletines de calificaciones para admisi\u00f3n<\/b> <i>(Correspondientes al \u00faltimo grado cursado en otra instituci\u00f3n educativa)<\/i><\/li>\n<li><b>Factura de un servicio p\u00fablico<\/b> <i>(Preferiblemente la cara del recibo donde se visualice claramente la direcci\u00f3n de la residencia: energ\u00eda, agua o gas)<\/i><\/li>\n<li><b>Ficha del Sisb\u00e9n<\/b> <i>(Si aplica)<\/i><\/li>\n<li><b>Carn\u00e9 o certificado de afiliaci\u00f3n al sistema de salud<\/b> <i>(ARS, EPS o medicina prepagada)<\/i><\/li>\n<li><b>Carta o certificado de desplazado<\/b> <i>(<b>Solo<\/b> si el aspirante se encuentra en esta situaci\u00f3n)<\/i><\/li>\n<li><b>Diagn\u00f3stico m\u00e9dico<\/b> <i>(<b>Solo<\/b> si el aspirante tiene alguna Discapacidad o Capacidad Excepcional registrada)<\/i><\/li>\n<\/ul>\n<h3><span style=\"color: #339966;\"><b>Paso 2: Diligencia el Formulario Online<\/b>\u00a0<\/span><\/h3>\n<p>Con tus documentos listos, haz clic en el siguiente enlace para acceder a nuestra plataforma de inscripci\u00f3n. Recuerda llenar todos los campos con la informaci\u00f3n correcta.<\/p>\n<h4><a href=\"https:\/\/colmunbto.edu.co\/ovy\/register\" target=\"_blank\" rel=\"noopener\"><span style=\"color: #000000;\">Formulario de Inscripci\u00f3n<\/span><\/a> <span style=\"color: #339966;\"><strong><a style=\"color: #339966;\" href=\"https:\/\/colmunbto.edu.co\/ovy\/register\" target=\"_blank\" rel=\"noopener\">Clic Aqu\u00ed<\/a><\/strong><\/span><\/h4>\n<h4><a href=\"https:\/\/colmunbto.edu.co\/ovy\/register\" target=\"_blank\" rel=\"noopener\"><span style=\"color: #000000;\"><img loading=\"lazy\" decoding=\"async\" class=\" wp-image-12671 aligncenter\" src=\"https:\/\/colmunbto.edu.co\/web\/wp-content\/uploads\/2025\/09\/Captura-de-pantalla-2025-09-05-104614-300x223.png\" alt=\"\" width=\"357\" height=\"265\" srcset=\"https:\/\/colmunbto.edu.co\/web\/wp-content\/uploads\/2025\/09\/Captura-de-pantalla-2025-09-05-104614-300x223.png 300w, https:\/\/colmunbto.edu.co\/web\/wp-content\/uploads\/2025\/09\/Captura-de-pantalla-2025-09-05-104614-1024x762.png 1024w, https:\/\/colmunbto.edu.co\/web\/wp-content\/uploads\/2025\/09\/Captura-de-pantalla-2025-09-05-104614-768x571.png 768w, https:\/\/colmunbto.edu.co\/web\/wp-content\/uploads\/2025\/09\/Captura-de-pantalla-2025-09-05-104614.png 1047w\" sizes=\"auto, (max-width: 357px) 100vw, 357px\" \/><\/span><\/a><\/h4>\n<h3><span style=\"color: #339966;\"><b>Paso 3: Ap\u00f3yate en Nuestro Video Tutorial<\/b><\/span><\/h3>\n<p><strong>\u00bfTienes alguna duda mientras llenas el formulario?<\/strong> Hemos creado un video tutorial que te explica cada campo. Puedes verlo antes de empezar o consultarlo si te surge una pregunta.<\/p>\n<div style=\"width: 640px;\" class=\"wp-video\"><video class=\"wp-video-shortcode\" id=\"video-12667-1\" width=\"640\" height=\"325\" preload=\"metadata\" controls=\"controls\"><source type=\"video\/mp4\" src=\"https:\/\/colmunbto.edu.co\/web\/wp-content\/uploads\/2025\/09\/Inscripciones-2026.mp4?_=1\" \/><a href=\"https:\/\/colmunbto.edu.co\/web\/wp-content\/uploads\/2025\/09\/Inscripciones-2026.mp4\">https:\/\/colmunbto.edu.co\/web\/wp-content\/uploads\/2025\/09\/Inscripciones-2026.mp4<\/a><\/video><\/div>\n<p>&nbsp;<\/p>\n<p>*Para formalizar el proceso de inscripci\u00f3n, se requiere un <b>aporte de $10.000 (diez mil pesos)<\/b> por concepto de costos administrativos.<\/p>\n<p>Para ampliar la informaci\u00f3n o resolver inquietudes, por favor llamar a los tel\u00e9fonos: 6075483175 &#8211; 6075492334 &#8211; 6075493749.<\/p>\n","protected":false},"excerpt":{"rendered":"<p>S\u00e9 parte de la familia del Colegio Municipal Mar\u00eda Concepci\u00f3n Loperena. \u00a1Te damos una cordial bienvenida! Somos una instituci\u00f3n con una rica historia en la formaci\u00f3n de j\u00f3venes l\u00edderes, comprometida con la excelencia acad\u00e9mica y los valores c\u00edvicos. Aqu\u00ed, tu &hellip; <\/p>\n","protected":false},"author":12,"featured_media":0,"parent":0,"menu_order":0,"comment_status":"closed","ping_status":"closed","template":"","meta":{"footnotes":""},"class_list":["post-12667","page","type-page","status-publish","hentry"],"_links":{"self":[{"href":"https:\/\/colmunbto.edu.co\/web\/wp-json\/wp\/v2\/pages\/12667","targetHints":{"allow":["GET"]}}],"collection":[{"href":"https:\/\/colmunbto.edu.co\/web\/wp-json\/wp\/v2\/pages"}],"about":[{"href":"https:\/\/colmunbto.edu.co\/web\/wp-json\/wp\/v2\/types\/page"}],"author":[{"embeddable":true,"href":"https:\/\/colmunbto.edu.co\/web\/wp-json\/wp\/v2\/users\/12"}],"replies":[{"embeddable":true,"href":"https:\/\/colmunbto.edu.co\/web\/wp-json\/wp\/v2\/comments?post=12667"}],"version-history":[{"count":6,"href":"https:\/\/colmunbto.edu.co\/web\/wp-json\/wp\/v2\/pages\/12667\/revisions"}],"predecessor-version":[{"id":12678,"href":"https:\/\/colmunbto.edu.co\/web\/wp-json\/wp\/v2\/pages\/12667\/revisions\/12678"}],"wp:attachment":[{"href":"https:\/\/colmunbto.edu.co\/web\/wp-json\/wp\/v2\/media?parent=12667"}],"curies":[{"name":"wp","href":"https:\/\/api.w.org\/{rel}","templated":true}]}}